{"id":3460,"date":"2022-06-22T13:05:14","date_gmt":"2022-06-22T11:05:14","guid":{"rendered":"https:\/\/www.mianigroup.com\/?page_id=3460"},"modified":"2025-10-23T11:56:15","modified_gmt":"2025-10-23T09:56:15","slug":"gestioni-immobiliari","status":"publish","type":"page","link":"https:\/\/www.mianigroup.com\/it\/gestioni-immobiliari\/","title":{"rendered":"Gestioni Immobiliari"},"content":{"rendered":"\t\t<div data-elementor-type=\"wp-page\" data-elementor-id=\"3460\" class=\"elementor elementor-3460\" data-elementor-post-type=\"page\">\n\t\t\t\t\t\t<section class=\"elementor-section elementor-top-section elementor-element elementor-element-58bd95be elementor-section-height-min-height elementor-section-boxed elementor-section-height-default elementor-section-items-middle\" data-id=\"58bd95be\" data-element_type=\"section\" data-e-type=\"section\" data-settings=\"{&quot;background_background&quot;:&quot;classic&quot;}\">\n\t\t\t\t\t\t\t<div class=\"elementor-background-overlay\"><\/div>\n\t\t\t\t\t\t\t<div class=\"elementor-container elementor-column-gap-wider\">\n\t\t\t\t\t<div class=\"elementor-column elementor-col-100 elementor-top-column elementor-element elementor-element-628e493\" data-id=\"628e493\" data-element_type=\"column\" data-e-type=\"column\">\n\t\t\t<div class=\"elementor-widget-wrap elementor-element-populated\">\n\t\t\t\t\t\t<div class=\"elementor-element elementor-element-b144dce animated-slow elementor-invisible elementor-widget elementor-widget-heading\" data-id=\"b144dce\" data-element_type=\"widget\" data-e-type=\"widget\" data-settings=\"{&quot;_animation&quot;:&quot;fadeInUp&quot;}\" data-widget_type=\"heading.default\">\n\t\t\t\t<div class=\"elementor-widget-container\">\n\t\t\t\t\t<h1 class=\"elementor-heading-title elementor-size-default\">Gestioni Immobiliari<\/h1>\t\t\t\t<\/div>\n\t\t\t\t<\/div>\n\t\t\t\t\t<\/div>\n\t\t<\/div>\n\t\t\t\t\t<\/div>\n\t\t<\/section>\n\t\t\t\t<section class=\"elementor-section elementor-top-section elementor-element elementor-element-53acdf7 elementor-section-boxed elementor-section-height-default elementor-section-height-default\" data-id=\"53acdf7\" data-element_type=\"section\" data-e-type=\"section\">\n\t\t\t\t\t\t<div class=\"elementor-container elementor-column-gap-default\">\n\t\t\t\t\t<div class=\"elementor-column elementor-col-100 elementor-top-column elementor-element elementor-element-6ae930c\" data-id=\"6ae930c\" data-element_type=\"column\" data-e-type=\"column\">\n\t\t\t<div class=\"elementor-widget-wrap elementor-element-populated\">\n\t\t\t\t\t\t<div class=\"elementor-element elementor-element-5517e5e elementor-widget elementor-widget-spacer\" data-id=\"5517e5e\" data-element_type=\"widget\" data-e-type=\"widget\" data-widget_type=\"spacer.default\">\n\t\t\t\t<div class=\"elementor-widget-container\">\n\t\t\t\t\t\t\t<div class=\"elementor-spacer\">\n\t\t\t<div class=\"elementor-spacer-inner\"><\/div>\n\t\t<\/div>\n\t\t\t\t\t\t<\/div>\n\t\t\t\t<\/div>\n\t\t\t\t<section class=\"elementor-section elementor-inner-section elementor-element elementor-element-d1103cb elementor-section-boxed elementor-section-height-default elementor-section-height-default\" data-id=\"d1103cb\" data-element_type=\"section\" data-e-type=\"section\">\n\t\t\t\t\t\t<div class=\"elementor-container elementor-column-gap-default\">\n\t\t\t\t\t<div class=\"elementor-column elementor-col-50 elementor-inner-column elementor-element elementor-element-498807b\" data-id=\"498807b\" data-element_type=\"column\" data-e-type=\"column\">\n\t\t\t<div class=\"elementor-widget-wrap elementor-element-populated\">\n\t\t\t\t\t\t<div class=\"elementor-element elementor-element-cb79da8 elementor-widget elementor-widget-text-editor\" data-id=\"cb79da8\" data-element_type=\"widget\" data-e-type=\"widget\" data-widget_type=\"text-editor.default\">\n\t\t\t\t<div class=\"elementor-widget-container\">\n\t\t\t\t\t\t\t\t\t<p data-start=\"237\" data-end=\"487\">Il nostro Team dedicato alla gestione immobiliare si occupa con precisione e professionalit\u00e0 della cura completa delle propriet\u00e0, garantendo la manutenzione ordinaria e straordinaria necessaria a preservarne valore, funzionalit\u00e0 e bellezza nel tempo.<\/p><p data-start=\"489\" data-end=\"816\">La\u00a0Miani Group\u00a0agisce come rappresentante del proprietario in sua assenza, assumendo la piena responsabilit\u00e0 della gestione operativa. Ci occupiamo del coordinamento e della supervisione di tutto il personale e dei fornitori coinvolti, assicurando che ogni intervento venga eseguito secondo i pi\u00f9 alti standard qualitativi.<\/p><p data-start=\"818\" data-end=\"1062\">Inoltre, gestiamo tutte le attivit\u00e0 amministrative e burocratiche quotidiane, offrendo un servizio integrato e trasparente che consente al proprietario di affidarsi completamente a noi per il buon mantenimento e la valorizzazione dell\u2019immobile.<\/p><p data-start=\"1064\" data-end=\"1202\">Il nostro approccio pro-attivo e personalizzato assicura serenit\u00e0, efficienza e cura meticolosa in ogni aspetto della gestione immobiliare.<\/p>\t\t\t\t\t\t\t\t<\/div>\n\t\t\t\t<\/div>\n\t\t\t\t\t<\/div>\n\t\t<\/div>\n\t\t\t\t<div class=\"elementor-column elementor-col-50 elementor-inner-column elementor-element elementor-element-f9e5769\" data-id=\"f9e5769\" data-element_type=\"column\" data-e-type=\"column\">\n\t\t\t<div class=\"elementor-widget-wrap elementor-element-populated\">\n\t\t\t\t\t\t<div class=\"elementor-element elementor-element-a8d2d94 elementor-widget__width-initial elementor-widget elementor-widget-image\" data-id=\"a8d2d94\" data-element_type=\"widget\" data-e-type=\"widget\" data-widget_type=\"image.default\">\n\t\t\t\t<div class=\"elementor-widget-container\">\n\t\t\t\t\t\t\t\t\t\t\t\t\t\t\t<img fetchpriority=\"high\" decoding=\"async\" width=\"1024\" height=\"576\" src=\"https:\/\/www.mianigroup.com\/wp-content\/uploads\/2024\/11\/3-9-1024x576.jpg\" class=\"attachment-large size-large wp-image-11180\" alt=\"\" srcset=\"https:\/\/www.mianigroup.com\/wp-content\/uploads\/2024\/11\/3-9-1024x576.jpg 1024w, https:\/\/www.mianigroup.com\/wp-content\/uploads\/2024\/11\/3-9-300x169.jpg 300w, https:\/\/www.mianigroup.com\/wp-content\/uploads\/2024\/11\/3-9-768x432.jpg 768w, https:\/\/www.mianigroup.com\/wp-content\/uploads\/2024\/11\/3-9-1536x864.jpg 1536w, https:\/\/www.mianigroup.com\/wp-content\/uploads\/2024\/11\/3-9-1067x600.jpg 1067w, https:\/\/www.mianigroup.com\/wp-content\/uploads\/2024\/11\/3-9-496x279.jpg 496w, https:\/\/www.mianigroup.com\/wp-content\/uploads\/2024\/11\/3-9-660x370.jpg 660w, https:\/\/www.mianigroup.com\/wp-content\/uploads\/2024\/11\/3-9.jpg 1920w\" sizes=\"(max-width: 1024px) 100vw, 1024px\" \/>\t\t\t\t\t\t\t\t\t\t\t\t\t\t\t<\/div>\n\t\t\t\t<\/div>\n\t\t\t\t\t<\/div>\n\t\t<\/div>\n\t\t\t\t\t<\/div>\n\t\t<\/section>\n\t\t\t\t<div class=\"elementor-element elementor-element-23bc08f elementor-widget elementor-widget-spacer\" data-id=\"23bc08f\" data-element_type=\"widget\" data-e-type=\"widget\" data-widget_type=\"spacer.default\">\n\t\t\t\t<div class=\"elementor-widget-container\">\n\t\t\t\t\t\t\t<div class=\"elementor-spacer\">\n\t\t\t<div class=\"elementor-spacer-inner\"><\/div>\n\t\t<\/div>\n\t\t\t\t\t\t<\/div>\n\t\t\t\t<\/div>\n\t\t\t\t<section class=\"elementor-section elementor-inner-section elementor-element elementor-element-bbdaeed elementor-section-boxed elementor-section-height-default elementor-section-height-default\" data-id=\"bbdaeed\" data-element_type=\"section\" data-e-type=\"section\">\n\t\t\t\t\t\t<div class=\"elementor-container elementor-column-gap-default\">\n\t\t\t\t\t<div class=\"elementor-column elementor-col-50 elementor-inner-column elementor-element elementor-element-ca0e2ea\" data-id=\"ca0e2ea\" data-element_type=\"column\" data-e-type=\"column\">\n\t\t\t<div class=\"elementor-widget-wrap elementor-element-populated\">\n\t\t\t\t\t\t<div class=\"elementor-element elementor-element-3d8147c elementor-widget__width-initial elementor-widget elementor-widget-image\" data-id=\"3d8147c\" data-element_type=\"widget\" data-e-type=\"widget\" data-widget_type=\"image.default\">\n\t\t\t\t<div class=\"elementor-widget-container\">\n\t\t\t\t\t\t\t\t\t\t\t\t\t\t\t<img decoding=\"async\" width=\"1024\" height=\"683\" src=\"https:\/\/www.mianigroup.com\/wp-content\/uploads\/2024\/11\/AD_06731-scaled-1024x683.jpg\" class=\"attachment-large size-large wp-image-11412\" alt=\"\" srcset=\"https:\/\/www.mianigroup.com\/wp-content\/uploads\/2024\/11\/AD_06731-scaled-1024x683.jpg 1024w, https:\/\/www.mianigroup.com\/wp-content\/uploads\/2024\/11\/AD_06731-scaled-300x200.jpg 300w, https:\/\/www.mianigroup.com\/wp-content\/uploads\/2024\/11\/AD_06731-scaled-768x512.jpg 768w, https:\/\/www.mianigroup.com\/wp-content\/uploads\/2024\/11\/AD_06731-scaled-1536x1024.jpg 1536w, https:\/\/www.mianigroup.com\/wp-content\/uploads\/2024\/11\/AD_06731-scaled-2048x1366.jpg 2048w, https:\/\/www.mianigroup.com\/wp-content\/uploads\/2024\/11\/AD_06731-scaled-900x600.jpg 900w, https:\/\/www.mianigroup.com\/wp-content\/uploads\/2024\/11\/AD_06731-scaled-496x331.jpg 496w\" sizes=\"(max-width: 1024px) 100vw, 1024px\" \/>\t\t\t\t\t\t\t\t\t\t\t\t\t\t\t<\/div>\n\t\t\t\t<\/div>\n\t\t\t\t\t<\/div>\n\t\t<\/div>\n\t\t\t\t<div class=\"elementor-column elementor-col-50 elementor-inner-column elementor-element elementor-element-6bf3fb0\" data-id=\"6bf3fb0\" data-element_type=\"column\" data-e-type=\"column\">\n\t\t\t<div class=\"elementor-widget-wrap elementor-element-populated\">\n\t\t\t\t\t\t<div class=\"elementor-element elementor-element-17b2cc3 animated-slow elementor-widget__width-initial elementor-invisible elementor-widget elementor-widget-text-editor\" data-id=\"17b2cc3\" data-element_type=\"widget\" data-e-type=\"widget\" data-settings=\"{&quot;_animation&quot;:&quot;fadeInUp&quot;}\" data-widget_type=\"text-editor.default\">\n\t\t\t\t<div class=\"elementor-widget-container\">\n\t\t\t\t\t\t\t\t\t<p>Di seguito i nostri servizi:<\/p><ul><li>gestione amministrativa della propriet\u00e0 e pagamento delle tasse<\/li><li>gestione utenze<\/li><li>custodia delle chiavi dell&#8217;immobile<\/li><li>Coordinamento del personale addetto incaricato alla manutenzione ordinaria e straordinaria<\/li><li>Ispezioni settimanali all&#8217;immobile con report dettagliato degli eventuali interventi<\/li><li>Rendicontazione finanziaria su base mensile delle spese sostenute<\/li><li>Assistenza e disponibilit\u00e0 24\/7 al proprietario<\/li><\/ul>\t\t\t\t\t\t\t\t<\/div>\n\t\t\t\t<\/div>\n\t\t\t\t\t<\/div>\n\t\t<\/div>\n\t\t\t\t\t<\/div>\n\t\t<\/section>\n\t\t\t\t<div class=\"elementor-element elementor-element-6ca99aa elementor-widget elementor-widget-spacer\" data-id=\"6ca99aa\" data-element_type=\"widget\" data-e-type=\"widget\" data-widget_type=\"spacer.default\">\n\t\t\t\t<div class=\"elementor-widget-container\">\n\t\t\t\t\t\t\t<div class=\"elementor-spacer\">\n\t\t\t<div class=\"elementor-spacer-inner\"><\/div>\n\t\t<\/div>\n\t\t\t\t\t\t<\/div>\n\t\t\t\t<\/div>\n\t\t\t\t<section class=\"elementor-section elementor-inner-section elementor-element elementor-element-d16675e elementor-section-boxed elementor-section-height-default elementor-section-height-default\" data-id=\"d16675e\" data-element_type=\"section\" data-e-type=\"section\">\n\t\t\t\t\t\t<div class=\"elementor-container elementor-column-gap-default\">\n\t\t\t\t\t<div class=\"elementor-column elementor-col-50 elementor-inner-column elementor-element elementor-element-f248207\" data-id=\"f248207\" data-element_type=\"column\" data-e-type=\"column\">\n\t\t\t<div class=\"elementor-widget-wrap elementor-element-populated\">\n\t\t\t\t\t\t<div class=\"elementor-element elementor-element-d816ff9 elementor-widget__width-initial elementor-widget elementor-widget-text-editor\" data-id=\"d816ff9\" data-element_type=\"widget\" data-e-type=\"widget\" data-widget_type=\"text-editor.default\">\n\t\t\t\t<div class=\"elementor-widget-container\">\n\t\t\t\t\t\t\t\t\t<p>Il nostro Gruppo mette a disposizione le seguenti figure per la manutenzione ordinaria della propriet\u00e0:<\/p><ul><li>giardiniere<\/li><li>addetto alla manutenzione della piscina<\/li><li>servizio di pulizia<\/li><\/ul><p>Per manutenzioni straordinarie, la Miani Group si avvale di personale qualificato sotto elencato:<\/p><ul><li>tecnici abilitati<\/li><li>agronomi<\/li><li>imprese edili<\/li><li>elettricisti<\/li><li>idraulici<\/li><li>falegnami<\/li><li>carpentieri<\/li><li>pittori<\/li><\/ul><h6>\u00a0<\/h6><h6>\u00a0<\/h6>\t\t\t\t\t\t\t\t<\/div>\n\t\t\t\t<\/div>\n\t\t\t\t\t<\/div>\n\t\t<\/div>\n\t\t\t\t<div class=\"elementor-column elementor-col-50 elementor-inner-column elementor-element elementor-element-e151838\" data-id=\"e151838\" data-element_type=\"column\" data-e-type=\"column\">\n\t\t\t<div class=\"elementor-widget-wrap elementor-element-populated\">\n\t\t\t\t\t\t<div class=\"elementor-element elementor-element-f425eea elementor-widget elementor-widget-image\" data-id=\"f425eea\" data-element_type=\"widget\" data-e-type=\"widget\" data-widget_type=\"image.default\">\n\t\t\t\t<div class=\"elementor-widget-container\">\n\t\t\t\t\t\t\t\t\t\t\t\t\t\t\t<img decoding=\"async\" width=\"1024\" height=\"768\" src=\"https:\/\/www.mianigroup.com\/wp-content\/uploads\/2024\/11\/DF466A79-4729-488A-BC35-C1371CB91A12-1024x768.jpg\" class=\"attachment-large size-large wp-image-12465\" alt=\"\" srcset=\"https:\/\/www.mianigroup.com\/wp-content\/uploads\/2024\/11\/DF466A79-4729-488A-BC35-C1371CB91A12-1024x768.jpg 1024w, https:\/\/www.mianigroup.com\/wp-content\/uploads\/2024\/11\/DF466A79-4729-488A-BC35-C1371CB91A12-300x225.jpg 300w, https:\/\/www.mianigroup.com\/wp-content\/uploads\/2024\/11\/DF466A79-4729-488A-BC35-C1371CB91A12-768x576.jpg 768w, https:\/\/www.mianigroup.com\/wp-content\/uploads\/2024\/11\/DF466A79-4729-488A-BC35-C1371CB91A12-1536x1151.jpg 1536w, https:\/\/www.mianigroup.com\/wp-content\/uploads\/2024\/11\/DF466A79-4729-488A-BC35-C1371CB91A12-592x444.jpg 592w, https:\/\/www.mianigroup.com\/wp-content\/uploads\/2024\/11\/DF466A79-4729-488A-BC35-C1371CB91A12-584x438.jpg 584w, https:\/\/www.mianigroup.com\/wp-content\/uploads\/2024\/11\/DF466A79-4729-488A-BC35-C1371CB91A12-800x600.jpg 800w, https:\/\/www.mianigroup.com\/wp-content\/uploads\/2024\/11\/DF466A79-4729-488A-BC35-C1371CB91A12-120x90.jpg 120w, https:\/\/www.mianigroup.com\/wp-content\/uploads\/2024\/11\/DF466A79-4729-488A-BC35-C1371CB91A12-496x372.jpg 496w\" sizes=\"(max-width: 1024px) 100vw, 1024px\" \/>\t\t\t\t\t\t\t\t\t\t\t\t\t\t\t<\/div>\n\t\t\t\t<\/div>\n\t\t\t\t\t<\/div>\n\t\t<\/div>\n\t\t\t\t\t<\/div>\n\t\t<\/section>\n\t\t\t\t<div class=\"elementor-element elementor-element-47bb2b7 elementor-widget elementor-widget-spacer\" data-id=\"47bb2b7\" data-element_type=\"widget\" data-e-type=\"widget\" data-widget_type=\"spacer.default\">\n\t\t\t\t<div class=\"elementor-widget-container\">\n\t\t\t\t\t\t\t<div class=\"elementor-spacer\">\n\t\t\t<div class=\"elementor-spacer-inner\"><\/div>\n\t\t<\/div>\n\t\t\t\t\t\t<\/div>\n\t\t\t\t<\/div>\n\t\t\t\t\t<\/div>\n\t\t<\/div>\n\t\t\t\t\t<\/div>\n\t\t<\/section>\n\t\t\t\t<\/div>\n\t\t","protected":false},"excerpt":{"rendered":"<p>Il nostro Team dedicato alla gestione immobiliare si occupa con precisione e professionalit\u00e0 della cura completa delle propriet\u00e0, garantendo la manutenzione ordinaria e straordinaria necessaria a preservarne valore, funzionalit\u00e0 e bellezza nel tempo. La\u00a0Miani Group\u00a0agisce come rappresentante del proprietario in sua assenza, assumendo la piena responsabilit\u00e0 della gestione operativa. Ci occupiamo del coordinamento e della [&hellip;]<\/p>\n","protected":false},"author":1,"featured_media":0,"parent":0,"menu_order":12,"comment_status":"closed","ping_status":"closed","template":"elementor_header_footer","meta":{"_acf_changed":false,"footnotes":""},"class_list":["post-3460","page","type-page","status-publish","hentry"],"acf":[],"yoast_head":"<!-- This site is optimized with the Yoast SEO plugin v27.3 - https:\/\/yoast.com\/product\/yoast-seo-wordpress\/ -->\n<title>Gestioni Immobiliari | Miani Group<\/title>\n<meta name=\"robots\" content=\"index, follow, max-snippet:-1, max-image-preview:large, max-video-preview:-1\" \/>\n<link rel=\"canonical\" href=\"https:\/\/www.mianigroup.com\/it\/gestioni-immobiliari\/\" \/>\n<meta property=\"og:locale\" content=\"it_IT\" \/>\n<meta property=\"og:type\" content=\"article\" \/>\n<meta property=\"og:title\" content=\"Gestioni Immobiliari | Miani Group\" \/>\n<meta property=\"og:description\" content=\"Il nostro Team dedicato alla gestione immobiliare si occupa con precisione e professionalit\u00e0 della cura completa delle propriet\u00e0, garantendo la manutenzione ordinaria e straordinaria necessaria a preservarne valore, funzionalit\u00e0 e bellezza nel tempo. La\u00a0Miani Group\u00a0agisce come rappresentante del proprietario in sua assenza, assumendo la piena responsabilit\u00e0 della gestione operativa. Ci occupiamo del coordinamento e della [&hellip;]\" \/>\n<meta property=\"og:url\" content=\"https:\/\/www.mianigroup.com\/it\/gestioni-immobiliari\/\" \/>\n<meta property=\"og:site_name\" content=\"Miani Group\" \/>\n<meta property=\"article:modified_time\" content=\"2025-10-23T09:56:15+00:00\" \/>\n<meta property=\"og:image\" content=\"https:\/\/www.mianigroup.com\/wp-content\/uploads\/2024\/11\/3-9.jpg\" \/>\n\t<meta property=\"og:image:width\" content=\"1920\" \/>\n\t<meta property=\"og:image:height\" content=\"1080\" \/>\n\t<meta property=\"og:image:type\" content=\"image\/jpeg\" \/>\n<meta name=\"twitter:card\" content=\"summary_large_image\" \/>\n<meta name=\"twitter:label1\" content=\"Tempo di lettura stimato\" \/>\n\t<meta name=\"twitter:data1\" content=\"1 minuto\" \/>\n<script type=\"application\/ld+json\" class=\"yoast-schema-graph\">{\"@context\":\"https:\\\/\\\/schema.org\",\"@graph\":[{\"@type\":\"WebPage\",\"@id\":\"https:\\\/\\\/www.mianigroup.com\\\/it\\\/gestioni-immobiliari\\\/\",\"url\":\"https:\\\/\\\/www.mianigroup.com\\\/it\\\/gestioni-immobiliari\\\/\",\"name\":\"Gestioni Immobiliari | Miani Group\",\"isPartOf\":{\"@id\":\"https:\\\/\\\/www.mianigroup.com\\\/it\\\/#website\"},\"primaryImageOfPage\":{\"@id\":\"https:\\\/\\\/www.mianigroup.com\\\/it\\\/gestioni-immobiliari\\\/#primaryimage\"},\"image\":{\"@id\":\"https:\\\/\\\/www.mianigroup.com\\\/it\\\/gestioni-immobiliari\\\/#primaryimage\"},\"thumbnailUrl\":\"https:\\\/\\\/www.mianigroup.com\\\/wp-content\\\/uploads\\\/2024\\\/11\\\/3-9-1024x576.jpg\",\"datePublished\":\"2022-06-22T11:05:14+00:00\",\"dateModified\":\"2025-10-23T09:56:15+00:00\",\"breadcrumb\":{\"@id\":\"https:\\\/\\\/www.mianigroup.com\\\/it\\\/gestioni-immobiliari\\\/#breadcrumb\"},\"inLanguage\":\"it-IT\",\"potentialAction\":[{\"@type\":\"ReadAction\",\"target\":[\"https:\\\/\\\/www.mianigroup.com\\\/it\\\/gestioni-immobiliari\\\/\"]}]},{\"@type\":\"ImageObject\",\"inLanguage\":\"it-IT\",\"@id\":\"https:\\\/\\\/www.mianigroup.com\\\/it\\\/gestioni-immobiliari\\\/#primaryimage\",\"url\":\"https:\\\/\\\/www.mianigroup.com\\\/wp-content\\\/uploads\\\/2024\\\/11\\\/3-9-1024x576.jpg\",\"contentUrl\":\"https:\\\/\\\/www.mianigroup.com\\\/wp-content\\\/uploads\\\/2024\\\/11\\\/3-9-1024x576.jpg\"},{\"@type\":\"BreadcrumbList\",\"@id\":\"https:\\\/\\\/www.mianigroup.com\\\/it\\\/gestioni-immobiliari\\\/#breadcrumb\",\"itemListElement\":[{\"@type\":\"ListItem\",\"position\":1,\"name\":\"Home\",\"item\":\"https:\\\/\\\/www.mianigroup.com\\\/it\\\/\"},{\"@type\":\"ListItem\",\"position\":2,\"name\":\"Gestioni Immobiliari\"}]},{\"@type\":\"WebSite\",\"@id\":\"https:\\\/\\\/www.mianigroup.com\\\/it\\\/#website\",\"url\":\"https:\\\/\\\/www.mianigroup.com\\\/it\\\/\",\"name\":\"Miani Group\",\"description\":\"\",\"publisher\":{\"@id\":\"https:\\\/\\\/www.mianigroup.com\\\/it\\\/#organization\"},\"potentialAction\":[{\"@type\":\"SearchAction\",\"target\":{\"@type\":\"EntryPoint\",\"urlTemplate\":\"https:\\\/\\\/www.mianigroup.com\\\/it\\\/?s={search_term_string}\"},\"query-input\":{\"@type\":\"PropertyValueSpecification\",\"valueRequired\":true,\"valueName\":\"search_term_string\"}}],\"inLanguage\":\"it-IT\"},{\"@type\":\"Organization\",\"@id\":\"https:\\\/\\\/www.mianigroup.com\\\/it\\\/#organization\",\"name\":\"Miani\",\"url\":\"https:\\\/\\\/www.mianigroup.com\\\/it\\\/\",\"logo\":{\"@type\":\"ImageObject\",\"inLanguage\":\"it-IT\",\"@id\":\"https:\\\/\\\/www.mianigroup.com\\\/it\\\/#\\\/schema\\\/logo\\\/image\\\/\",\"url\":\"https:\\\/\\\/www.mianigroup.com\\\/wp-content\\\/uploads\\\/2023\\\/11\\\/logo-miani-group.svg\",\"contentUrl\":\"https:\\\/\\\/www.mianigroup.com\\\/wp-content\\\/uploads\\\/2023\\\/11\\\/logo-miani-group.svg\",\"width\":453,\"height\":365,\"caption\":\"Miani\"},\"image\":{\"@id\":\"https:\\\/\\\/www.mianigroup.com\\\/it\\\/#\\\/schema\\\/logo\\\/image\\\/\"}}]}<\/script>\n<!-- \/ Yoast SEO plugin. -->","yoast_head_json":{"title":"Gestioni Immobiliari | Miani Group","robots":{"index":"index","follow":"follow","max-snippet":"max-snippet:-1","max-image-preview":"max-image-preview:large","max-video-preview":"max-video-preview:-1"},"canonical":"https:\/\/www.mianigroup.com\/it\/gestioni-immobiliari\/","og_locale":"it_IT","og_type":"article","og_title":"Gestioni Immobiliari | Miani Group","og_description":"Il nostro Team dedicato alla gestione immobiliare si occupa con precisione e professionalit\u00e0 della cura completa delle propriet\u00e0, garantendo la manutenzione ordinaria e straordinaria necessaria a preservarne valore, funzionalit\u00e0 e bellezza nel tempo. La\u00a0Miani Group\u00a0agisce come rappresentante del proprietario in sua assenza, assumendo la piena responsabilit\u00e0 della gestione operativa. Ci occupiamo del coordinamento e della [&hellip;]","og_url":"https:\/\/www.mianigroup.com\/it\/gestioni-immobiliari\/","og_site_name":"Miani Group","article_modified_time":"2025-10-23T09:56:15+00:00","og_image":[{"width":1920,"height":1080,"url":"https:\/\/www.mianigroup.com\/wp-content\/uploads\/2024\/11\/3-9.jpg","type":"image\/jpeg"}],"twitter_card":"summary_large_image","twitter_misc":{"Tempo di lettura stimato":"1 minuto"},"schema":{"@context":"https:\/\/schema.org","@graph":[{"@type":"WebPage","@id":"https:\/\/www.mianigroup.com\/it\/gestioni-immobiliari\/","url":"https:\/\/www.mianigroup.com\/it\/gestioni-immobiliari\/","name":"Gestioni Immobiliari | Miani Group","isPartOf":{"@id":"https:\/\/www.mianigroup.com\/it\/#website"},"primaryImageOfPage":{"@id":"https:\/\/www.mianigroup.com\/it\/gestioni-immobiliari\/#primaryimage"},"image":{"@id":"https:\/\/www.mianigroup.com\/it\/gestioni-immobiliari\/#primaryimage"},"thumbnailUrl":"https:\/\/www.mianigroup.com\/wp-content\/uploads\/2024\/11\/3-9-1024x576.jpg","datePublished":"2022-06-22T11:05:14+00:00","dateModified":"2025-10-23T09:56:15+00:00","breadcrumb":{"@id":"https:\/\/www.mianigroup.com\/it\/gestioni-immobiliari\/#breadcrumb"},"inLanguage":"it-IT","potentialAction":[{"@type":"ReadAction","target":["https:\/\/www.mianigroup.com\/it\/gestioni-immobiliari\/"]}]},{"@type":"ImageObject","inLanguage":"it-IT","@id":"https:\/\/www.mianigroup.com\/it\/gestioni-immobiliari\/#primaryimage","url":"https:\/\/www.mianigroup.com\/wp-content\/uploads\/2024\/11\/3-9-1024x576.jpg","contentUrl":"https:\/\/www.mianigroup.com\/wp-content\/uploads\/2024\/11\/3-9-1024x576.jpg"},{"@type":"BreadcrumbList","@id":"https:\/\/www.mianigroup.com\/it\/gestioni-immobiliari\/#breadcrumb","itemListElement":[{"@type":"ListItem","position":1,"name":"Home","item":"https:\/\/www.mianigroup.com\/it\/"},{"@type":"ListItem","position":2,"name":"Gestioni Immobiliari"}]},{"@type":"WebSite","@id":"https:\/\/www.mianigroup.com\/it\/#website","url":"https:\/\/www.mianigroup.com\/it\/","name":"Miani Group","description":"","publisher":{"@id":"https:\/\/www.mianigroup.com\/it\/#organization"},"potentialAction":[{"@type":"SearchAction","target":{"@type":"EntryPoint","urlTemplate":"https:\/\/www.mianigroup.com\/it\/?s={search_term_string}"},"query-input":{"@type":"PropertyValueSpecification","valueRequired":true,"valueName":"search_term_string"}}],"inLanguage":"it-IT"},{"@type":"Organization","@id":"https:\/\/www.mianigroup.com\/it\/#organization","name":"Miani","url":"https:\/\/www.mianigroup.com\/it\/","logo":{"@type":"ImageObject","inLanguage":"it-IT","@id":"https:\/\/www.mianigroup.com\/it\/#\/schema\/logo\/image\/","url":"https:\/\/www.mianigroup.com\/wp-content\/uploads\/2023\/11\/logo-miani-group.svg","contentUrl":"https:\/\/www.mianigroup.com\/wp-content\/uploads\/2023\/11\/logo-miani-group.svg","width":453,"height":365,"caption":"Miani"},"image":{"@id":"https:\/\/www.mianigroup.com\/it\/#\/schema\/logo\/image\/"}}]}},"_links":{"self":[{"href":"https:\/\/www.mianigroup.com\/it\/wp-json\/wp\/v2\/pages\/3460","targetHints":{"allow":["GET"]}}],"collection":[{"href":"https:\/\/www.mianigroup.com\/it\/wp-json\/wp\/v2\/pages"}],"about":[{"href":"https:\/\/www.mianigroup.com\/it\/wp-json\/wp\/v2\/types\/page"}],"author":[{"embeddable":true,"href":"https:\/\/www.mianigroup.com\/it\/wp-json\/wp\/v2\/users\/1"}],"replies":[{"embeddable":true,"href":"https:\/\/www.mianigroup.com\/it\/wp-json\/wp\/v2\/comments?post=3460"}],"version-history":[{"count":0,"href":"https:\/\/www.mianigroup.com\/it\/wp-json\/wp\/v2\/pages\/3460\/revisions"}],"wp:attachment":[{"href":"https:\/\/www.mianigroup.com\/it\/wp-json\/wp\/v2\/media?parent=3460"}],"curies":[{"name":"wp","href":"https:\/\/api.w.org\/{rel}","templated":true}]}}